{"id":10836,"date":"2025-05-20T09:39:17","date_gmt":"2025-05-20T12:39:17","guid":{"rendered":"https:\/\/apaeamericana.com.br\/loja\/?post_type=product&#038;p=10836"},"modified":"2025-06-02T18:42:42","modified_gmt":"2025-06-02T21:42:42","slug":"palestra-metodologia-ativa","status":"publish","type":"product","link":"https:\/\/apaeamericana.com.br\/loja\/palestra-metodologia-ativa\/","title":{"rendered":"Palestra Metodologia Ativa"},"content":{"rendered":"<p>A APAE de Americana tem o prazer de convidar voc\u00ea para a Palestra de Encerramento do Projeto Articula\u00e7\u00e3o em Rede \u2014 um momento especial de celebra\u00e7\u00e3o, troca de conhecimento e fortalecimento da nossa parceria.<br \/>\n\ud83d\uddd3 Data: 25 de junho de 2025<br \/>\n\ud83d\udd62 Hor\u00e1rio:<br \/>\n\u2022 7h30 \u00e0s 8h30 \u2013 Credenciamento e Coffee<br \/>\n\u2022 8h45 at\u00e9 11h30   palestra<br \/>\n\ud83c\udfa4 Palestrante: Nino Paix\u00e3o<br \/>\nPalestrante e Consultor na \u00e1rea de Neuroci\u00eancias, Educa\u00e7\u00e3o, Acolhimento, Motiva\u00e7\u00e3o , Rela\u00e7\u00e3o entre Escola, Fam\u00edlia, Felicidade e Sa\u00fade.<br \/>\n\ud83e\udde0 Tema: Metodologia Ativa<br \/>\n\ud83d\udcb0 Investimento: Gratuito<br \/>\n\ud83d\udccd Local: UNISAL \u2013 Campus Maria Auxiliadora<br \/>\nAv. de Cillo, 3500 \u2013 Parque Universit\u00e1rio, Americana \u2013 SP<br \/>\n\ud83d\udc65 P\u00fablico-alvo: Profissionais da educa\u00e7\u00e3o, sa\u00fade, assist\u00eancia social estudantes e demais interessados.<br \/>\n\ud83d\udd17 Inscri\u00e7\u00f5es: www.apaeamericana.com.br (vagas limitadas)<br \/>\nSua presen\u00e7a \u00e9 fundamental para celebrarmos juntos o sucesso deste projeto.<br \/>\nContamos com voc\u00ea!<\/p>\n","protected":false},"excerpt":{"rendered":"<p>A APAE de Americana tem o prazer de convidar voc\u00ea para a Palestra de Encerramento do Projeto Articula\u00e7\u00e3o em Rede \u2014 um momento especial de celebra\u00e7\u00e3o, troca de conhecimento e fortalecimento da nossa parceria. \ud83d\uddd3 Data: 25 de junho de 2025 \ud83d\udd62 Hor\u00e1rio: \u2022 7h30 \u00e0s 8h30 \u2013 Credenciamento e Coffee \u2022 8h45 at\u00e9 11h30 [&hellip;]<\/p>\n","protected":false},"featured_media":10837,"template":"","meta":{"_acf_changed":false,"_uag_custom_page_level_css":"","site-sidebar-layout":"default","site-content-layout":"","ast-site-content-layout":"default","site-content-style":"default","site-sidebar-style":"default","ast-global-header-display":"","ast-banner-title-visibility":"","ast-main-header-display":"","ast-hfb-above-header-display":"","ast-hfb-below-header-display":"","ast-hfb-mobile-header-display":"","site-post-title":"","ast-breadcrumbs-content":"","ast-featured-img":"","footer-sml-layout":"","ast-disable-related-posts":"","theme-transparent-header-meta":"default","adv-header-id-meta":"","stick-header-meta":"default","header-above-stick-meta":"","header-main-stick-meta":"","header-below-stick-meta":"","astra-migrate-meta-layouts":"set","ast-page-background-enabled":"default","ast-page-background-meta":{"desktop":{"background-color":"var(--ast-global-color-4)","background-image":"","background-repeat":"repeat","background-position":"center center","background-size":"auto","background-attachment":"scroll","background-type":"","background-media":"","overlay-type":"","overlay-color":"","overlay-opacity":"","overlay-gradient":""},"tablet":{"background-color":"","background-image":"","background-repeat":"repeat","background-position":"center center","background-size":"auto","background-attachment":"scroll","background-type":"","background-media":"","overlay-type":"","overlay-color":"","overlay-opacity":"","overlay-gradient":""},"mobile":{"background-color":"","background-image":"","background-repeat":"repeat","background-position":"center center","background-size":"auto","background-attachment":"scroll","background-type":"","background-media":"","overlay-type":"","overlay-color":"","overlay-opacity":"","overlay-gradient":""}},"ast-content-background-meta":{"desktop":{"background-color":"var(--ast-global-color-5)","background-image":"","background-repeat":"repeat","background-position":"center center","background-size":"auto","background-attachment":"scroll","background-type":"","background-media":"","overlay-type":"","overlay-color":"","overlay-opacity":"","overlay-gradient":""},"tablet":{"background-color":"var(--ast-global-color-5)","background-image":"","background-repeat":"repeat","background-position":"center center","background-size":"auto","background-attachment":"scroll","background-type":"","background-media":"","overlay-type":"","overlay-color":"","overlay-opacity":"","overlay-gradient":""},"mobile":{"background-color":"var(--ast-global-color-5)","background-image":"","background-repeat":"repeat","background-position":"center center","background-size":"auto","background-attachment":"scroll","background-type":"","background-media":"","overlay-type":"","overlay-color":"","overlay-opacity":"","overlay-gradient":""}}},"product_brand":[],"product_cat":[22],"product_tag":[],"class_list":{"0":"post-10836","1":"product","2":"type-product","3":"status-publish","4":"has-post-thumbnail","6":"product_cat-eventos","7":"desktop-align-center","8":"tablet-align-left","9":"mobile-align-left","10":"ast-product-gallery-layout-horizontal-slider","11":"ast-product-gallery-with-no-image","12":"ast-magnify-disabled","13":"ast-product-tabs-layout-accordion","15":"first","16":"outofstock","17":"virtual","18":"sold-individually","19":"purchasable","20":"product-type-simple"},"acf":[],"uagb_featured_image_src":{"full":["https:\/\/apaeamericana.com.br\/loja\/wp-content\/uploads\/2025\/05\/WhatsApp-Image-2025-05-16-at-15.32.15.jpeg",1160,544,false],"thumbnail":["https:\/\/apaeamericana.com.br\/loja\/wp-content\/uploads\/2025\/05\/WhatsApp-Image-2025-05-16-at-15.32.15-150x150.jpeg",150,150,true],"medium":["https:\/\/apaeamericana.com.br\/loja\/wp-content\/uploads\/2025\/05\/WhatsApp-Image-2025-05-16-at-15.32.15-300x141.jpeg",300,141,true],"medium_large":["https:\/\/apaeamericana.com.br\/loja\/wp-content\/uploads\/2025\/05\/WhatsApp-Image-2025-05-16-at-15.32.15-768x360.jpeg",768,360,true],"large":["https:\/\/apaeamericana.com.br\/loja\/wp-content\/uploads\/2025\/05\/WhatsApp-Image-2025-05-16-at-15.32.15-1024x480.jpeg",1024,480,true],"1536x1536":["https:\/\/apaeamericana.com.br\/loja\/wp-content\/uploads\/2025\/05\/WhatsApp-Image-2025-05-16-at-15.32.15.jpeg",1160,544,false],"2048x2048":["https:\/\/apaeamericana.com.br\/loja\/wp-content\/uploads\/2025\/05\/WhatsApp-Image-2025-05-16-at-15.32.15.jpeg",1160,544,false],"woocommerce_thumbnail":["https:\/\/apaeamericana.com.br\/loja\/wp-content\/uploads\/2025\/05\/WhatsApp-Image-2025-05-16-at-15.32.15-300x300.jpeg",300,300,true],"woocommerce_single":["https:\/\/apaeamericana.com.br\/loja\/wp-content\/uploads\/2025\/05\/WhatsApp-Image-2025-05-16-at-15.32.15-600x281.jpeg",600,281,true],"woocommerce_gallery_thumbnail":["https:\/\/apaeamericana.com.br\/loja\/wp-content\/uploads\/2025\/05\/WhatsApp-Image-2025-05-16-at-15.32.15-100x100.jpeg",100,100,true]},"uagb_author_info":{"display_name":"admin","author_link":"https:\/\/apaeamericana.com.br\/loja\/author\/"},"uagb_comment_info":0,"uagb_excerpt":"A APAE de Americana tem o prazer de convidar voc\u00ea para a Palestra de Encerramento do Projeto Articula\u00e7\u00e3o em Rede \u2014 um momento especial de celebra\u00e7\u00e3o, troca de conhecimento e fortalecimento da nossa parceria. \ud83d\uddd3 Data: 25 de junho de 2025 \ud83d\udd62 Hor\u00e1rio: \u2022 7h30 \u00e0s 8h30 \u2013 Credenciamento e Coffee \u2022 8h45 at\u00e9 11h30&hellip;","_links":{"self":[{"href":"https:\/\/apaeamericana.com.br\/loja\/wp-json\/wp\/v2\/product\/10836","targetHints":{"allow":["GET"]}}],"collection":[{"href":"https:\/\/apaeamericana.com.br\/loja\/wp-json\/wp\/v2\/product"}],"about":[{"href":"https:\/\/apaeamericana.com.br\/loja\/wp-json\/wp\/v2\/types\/product"}],"wp:featuredmedia":[{"embeddable":true,"href":"https:\/\/apaeamericana.com.br\/loja\/wp-json\/wp\/v2\/media\/10837"}],"wp:attachment":[{"href":"https:\/\/apaeamericana.com.br\/loja\/wp-json\/wp\/v2\/media?parent=10836"}],"wp:term":[{"taxonomy":"product_brand","embeddable":true,"href":"https:\/\/apaeamericana.com.br\/loja\/wp-json\/wp\/v2\/product_brand?post=10836"},{"taxonomy":"product_cat","embeddable":true,"href":"https:\/\/apaeamericana.com.br\/loja\/wp-json\/wp\/v2\/product_cat?post=10836"},{"taxonomy":"product_tag","embeddable":true,"href":"https:\/\/apaeamericana.com.br\/loja\/wp-json\/wp\/v2\/product_tag?post=10836"}],"curies":[{"name":"wp","href":"https:\/\/api.w.org\/{rel}","templated":true}]}}